{"id":7,"date":"2024-01-15T08:40:56","date_gmt":"2024-01-15T07:40:56","guid":{"rendered":"http:\/\/localhost:8888\/?page_id=7"},"modified":"2026-04-11T11:51:26","modified_gmt":"2026-04-11T09:51:26","slug":"startseite","status":"publish","type":"page","link":"https:\/\/vonhogendorf.de\/","title":{"rendered":"Startseite"},"content":{"rendered":"<h2>Mediengestalter, Ausbilder &amp; Webentwickler<\/h2>\n<p>Ich mache Gestaltung verst\u00e4ndlich \u2013 visuell, technisch und didaktisch.<\/p>\n<p>Ich arbeite an der Schnittstelle von Gestaltung, Entwicklung und Ausbildung. Als Dozent vermittle ich komplexe Inhalte so, dass sie wirklich verstanden werden.<\/p>\n<p>Als Mediengestalter und Webentwickler setze ich genau diese Inhalte in funktionierende, durchdachte L\u00f6sungen um.<br \/>\nErg\u00e4nzt wird meine Arbeit durch einen YouTube-Kanal und einen Podcast, in denen ich Fachwissen verst\u00e4ndlich aufbereite und zug\u00e4nglich mache.<\/p>\n","protected":false},"excerpt":{"rendered":"<p>Mediengestalter, Ausbilder &amp; Webentwickler Ich mache Gestaltung verst\u00e4ndlich \u2013 visuell, technisch und didaktisch. Ich arbeite an der Schnittstelle von Gestaltung, Entwicklung und Ausbildung. Als Dozent vermittle ich komplexe Inhalte so, dass sie wirklich verstanden werden. Als Mediengestalter und Webentwickler setze ich genau diese Inhalte in funktionierende, durchdachte L\u00f6sungen um. Erg\u00e4nzt wird meine Arbeit durch einen [&hellip;]<\/p>\n","protected":false},"author":1,"featured_media":0,"parent":0,"menu_order":0,"comment_status":"closed","ping_status":"closed","template":"","meta":{"footnotes":""},"class_list":["post-7","page","type-page","status-publish","hentry"],"_links":{"self":[{"href":"https:\/\/vonhogendorf.de\/index.php\/wp-json\/wp\/v2\/pages\/7","targetHints":{"allow":["GET"]}}],"collection":[{"href":"https:\/\/vonhogendorf.de\/index.php\/wp-json\/wp\/v2\/pages"}],"about":[{"href":"https:\/\/vonhogendorf.de\/index.php\/wp-json\/wp\/v2\/types\/page"}],"author":[{"embeddable":true,"href":"https:\/\/vonhogendorf.de\/index.php\/wp-json\/wp\/v2\/users\/1"}],"replies":[{"embeddable":true,"href":"https:\/\/vonhogendorf.de\/index.php\/wp-json\/wp\/v2\/comments?post=7"}],"version-history":[{"count":9,"href":"https:\/\/vonhogendorf.de\/index.php\/wp-json\/wp\/v2\/pages\/7\/revisions"}],"predecessor-version":[{"id":221,"href":"https:\/\/vonhogendorf.de\/index.php\/wp-json\/wp\/v2\/pages\/7\/revisions\/221"}],"wp:attachment":[{"href":"https:\/\/vonhogendorf.de\/index.php\/wp-json\/wp\/v2\/media?parent=7"}],"curies":[{"name":"wp","href":"https:\/\/api.w.org\/{rel}","templated":true}]}}